{"id":17116,"date":"2023-11-14T07:49:34","date_gmt":"2023-11-14T06:49:34","guid":{"rendered":"https:\/\/finestresemporda.cat\/?page_id=17116"},"modified":"2025-09-03T12:42:58","modified_gmt":"2025-09-03T10:42:58","slug":"obras-realizadas","status":"publish","type":"page","link":"https:\/\/finestresemporda.cat\/ca\/obras-realizadas\/","title":{"rendered":"Obres realitzades"},"content":{"rendered":"[vc_row visibility=&#8221;hidden-sm&#8221;][vc_column css=&#8221;.vc_custom_1637580493028{padding-right: 50px !important;}&#8221;][mk_fancy_title strip_tags=&#8221;true&#8221; tag_name=&#8221;h1&#8243; color=&#8221;#000000&#8243; size=&#8221;70&#8243; font_weight=&#8221;900&#8243; letter_spacing=&#8221;1&#8243; margin_bottom=&#8221;0&#8243; font_family=&#8221;Open+Sans&#8221; font_type=&#8221;google&#8221; align=&#8221;center&#8221; animation=&#8221;bottom-to-top&#8221;]<strong><u>OBRES REALITZADES<\/u><\/strong>[\/mk_fancy_title][mk_fancy_title strip_tags=&#8221;true&#8221; color=&#8221;#000000&#8243; size=&#8221;40&#8243; font_weight=&#8221;300&#8243; letter_spacing=&#8221;1&#8243; margin_bottom=&#8221;0&#8243; font_family=&#8221;Open+Sans&#8221; font_type=&#8221;google&#8221; align=&#8221;center&#8221; animation=&#8221;bottom-to-top&#8221;]\n<h2 style=\"text-align: center;\" align=\"center\"><span lang=\"es\">Cuidem cada detall de la vostra obra<\/span><\/h2>\n[\/mk_fancy_title][mk_padding_divider size=&#8221;80&#8243;][\/vc_column][\/vc_row][vc_row visibility=&#8221;visible-sm&#8221;][vc_column][mk_fancy_title strip_tags=&#8221;true&#8221; color=&#8221;#000000&#8243; size=&#8221;40&#8243; font_weight=&#8221;900&#8243; letter_spacing=&#8221;1&#8243; margin_bottom=&#8221;0&#8243; font_family=&#8221;Open+Sans&#8221; font_type=&#8221;google&#8221; align=&#8221;center&#8221; animation=&#8221;bottom-to-top&#8221;]<strong><u>OBRES REALITZADES<\/u><\/strong>[\/mk_fancy_title][mk_fancy_title strip_tags=&#8221;true&#8221; color=&#8221;#000000&#8243; size=&#8221;30&#8243; font_weight=&#8221;300&#8243; letter_spacing=&#8221;1&#8243; margin_bottom=&#8221;0&#8243; font_family=&#8221;Open+Sans&#8221; font_type=&#8221;google&#8221; align=&#8221;center&#8221; animation=&#8221;bottom-to-top&#8221;]Todo un mundo de Ventanas a tu alcance[\/mk_fancy_title][mk_padding_divider size=&#8221;80&#8243;][\/vc_column][\/vc_row][vc_row][vc_column width=&#8221;1\/2&#8243; css=&#8221;.vc_custom_1638363618833{padding-right: 20px !important;padding-left: 20px !important;}&#8221;][mk_image src=&#8221;https:\/\/finestresemporda.cat\/wp-content\/uploads\/2023\/11\/obras-realizada-crulles.jpg&#8221; image_size=&#8221;full&#8221; align=&#8221;center&#8221; visibility=&#8221;hidden-sm&#8221;][vc_row_inner][vc_column_inner width=&#8221;1\/4&#8243;][mk_padding_divider size=&#8221;18&#8243; visibility=&#8221;hidden-sm&#8221;][vc_separator color=&#8221;black&#8221; border_width=&#8221;2&#8243; el_width=&#8221;80&#8243;][\/vc_column_inner][vc_column_inner width=&#8221;3\/4&#8243;][mk_fancy_title size=&#8221;30&#8243; font_weight=&#8221;bold&#8221; font_family=&#8221;none&#8221;]CRU\u00cfLLES[\/mk_fancy_title][\/vc_column_inner][\/vc_row_inner][mk_fancy_title size=&#8221;20&#8243; font_weight=&#8221;400&#8243; font_family=&#8221;none&#8221;]Instal\u00b7laci\u00f3 de finestres de PVC amb vidre a\u00efllant i resistents, perfils estrets i una superf\u00edcie elegant. En aquest cas s&#8217;ha triat un color fusta &#8211; marr\u00f3 per seguir amb l&#8217;est\u00e8tica r\u00fastica.[\/mk_fancy_title][mk_padding_divider size=&#8221;80&#8243;][\/vc_column][vc_column width=&#8221;1\/2&#8243; css=&#8221;.vc_custom_1638363625950{padding-right: 20px !important;padding-left: 20px !important;}&#8221;][mk_image src=&#8221;https:\/\/finestresemporda.cat\/wp-content\/uploads\/2023\/11\/obras-realizadas-puigventos.jpg&#8221; image_width=&#8221;1000&#8243; image_height=&#8221;600&#8243; visibility=&#8221;hidden-sm&#8221;][vc_row_inner][vc_column_inner width=&#8221;1\/4&#8243;][mk_padding_divider size=&#8221;18&#8243; visibility=&#8221;hidden-sm&#8221;][vc_separator color=&#8221;black&#8221; border_width=&#8221;2&#8243; el_width=&#8221;80&#8243;][\/vc_column_inner][vc_column_inner width=&#8221;3\/4&#8243;][mk_fancy_title size=&#8221;30&#8243; font_weight=&#8221;bold&#8221; font_family=&#8221;none&#8221;]PUIGVENT\u00d3S[\/mk_fancy_title][\/vc_column_inner][\/vc_row_inner][mk_fancy_title size=&#8221;20&#8243; font_weight=&#8221;400&#8243; font_family=&#8221;none&#8221;]Instal\u00b7laci\u00f3 de finestres de PVC per a una major durabilitat i resist\u00e8ncia. A m\u00e9s, els vidres s\u00f3n segurs i a\u00efllants tant del fred com de la calor. S&#8217;ha triat el color platejat per continuar amb l&#8217;est\u00e8tica moderna de l&#8217;habitatge.[\/mk_fancy_title][mk_padding_divider size=&#8221;80&#8243;][\/vc_column][\/vc_row][vc_row][vc_column width=&#8221;1\/2&#8243;][mk_image src=&#8221;https:\/\/finestresemporda.cat\/wp-content\/uploads\/2023\/11\/obras-realizada-sant-feliu-de-guixols.jpg&#8221; image_size=&#8221;full&#8221; visibility=&#8221;hidden-sm&#8221;][vc_row_inner][vc_column_inner width=&#8221;1\/4&#8243;][mk_padding_divider size=&#8221;18&#8243; visibility=&#8221;hidden-sm&#8221;][vc_separator color=&#8221;black&#8221; border_width=&#8221;2&#8243; el_width=&#8221;80&#8243;][\/vc_column_inner][vc_column_inner width=&#8221;3\/4&#8243;][mk_fancy_title size=&#8221;30&#8243; font_weight=&#8221;bold&#8221; font_family=&#8221;none&#8221;]SANT FELIU DE GUIXOLS[\/mk_fancy_title][\/vc_column_inner][\/vc_row_inner][mk_fancy_title size=&#8221;20&#8243; font_weight=&#8221;400&#8243; font_family=&#8221;none&#8221;]Per a aquest projecte, des de Finestres Empord\u00e0, vam instal\u00b7lar finestres de PVC per garantir una major resist\u00e8ncia i durabilitat de les finestres. S&#8217;ha utilitzat el color blanc per oferir una est\u00e8tica minimalista. A m\u00e9s, en aquesta obra tamb\u00e9 vam incloure les cortines KV de Finstral per garantir una protecci\u00f3 solar \u00f2ptima i un millor a\u00efllament de l&#8217;habitatge.[\/mk_fancy_title][mk_padding_divider size=&#8221;80&#8243;][\/vc_column][vc_column width=&#8221;1\/2&#8243;][mk_image src=&#8221;https:\/\/finestresemporda.cat\/wp-content\/uploads\/2023\/11\/obras-realizada-roca-maura.jpg&#8221; image_size=&#8221;full&#8221; visibility=&#8221;hidden-sm&#8221;][vc_row_inner][vc_column_inner width=&#8221;1\/4&#8243;][mk_padding_divider size=&#8221;18&#8243; visibility=&#8221;hidden-sm&#8221;][vc_separator color=&#8221;black&#8221; border_width=&#8221;2&#8243; el_width=&#8221;80&#8243;][\/vc_column_inner][vc_column_inner width=&#8221;3\/4&#8243;][mk_fancy_title size=&#8221;30&#8243; font_weight=&#8221;bold&#8221; font_family=&#8221;none&#8221;]ROCA MAURA[\/mk_fancy_title][\/vc_column_inner][\/vc_row_inner][mk_fancy_title size=&#8221;20&#8243; font_weight=&#8221;400&#8243; font_family=&#8221;none&#8221;]Instal\u00b7laci\u00f3 de finestres de PVC de Finstral a\u00efllants, duradores i resistents. A m\u00e9s, \u00e9s f\u00e0cil de mantenir i de cuidar, ja que acumula menys brut\u00edcia i resisteix les ratllades. En aquest cas, l&#8217;acabat de la finestra s&#8217;ha triat en color fusta per aconseguir un ambient r\u00fastic a tota la casa. Tamb\u00e9 hem col\u00b7locat peces verticals d&#8217;exterior Machembrat del mateix estil.[\/mk_fancy_title][mk_padding_divider size=&#8221;80&#8243;][\/vc_column][\/vc_row][vc_row][vc_column width=&#8221;1\/2&#8243;][mk_image src=&#8221;https:\/\/finestresemporda.cat\/wp-content\/uploads\/2023\/11\/obras-realizada-estartit.jpg&#8221; image_size=&#8221;full&#8221; visibility=&#8221;hidden-sm&#8221;][vc_row_inner][vc_column_inner width=&#8221;1\/4&#8243;][mk_padding_divider size=&#8221;18&#8243; visibility=&#8221;hidden-sm&#8221;][vc_separator color=&#8221;black&#8221; border_width=&#8221;2&#8243; el_width=&#8221;80&#8243;][\/vc_column_inner][vc_column_inner width=&#8221;3\/4&#8243;][mk_fancy_title size=&#8221;30&#8243; font_weight=&#8221;bold&#8221; font_family=&#8221;none&#8221;]ESTARTIT[\/mk_fancy_title][\/vc_column_inner][\/vc_row_inner][mk_fancy_title size=&#8221;20&#8243; font_weight=&#8221;400&#8243; font_family=&#8221;none&#8221;]Per a aquest projecte, hem realitzat una reforma de finestres de PVC en color noguera. Els vidres que hem utilitzat s\u00f3n resistents, segurs i a\u00efllants. En aquest cas, tamb\u00e9 vam instal\u00b7lar un portic\u00f3 exterior vertical Machembrat del mateix color noguera per aportar una major protecci\u00f3 solar.[\/mk_fancy_title][mk_padding_divider size=&#8221;80&#8243;][\/vc_column][vc_column width=&#8221;1\/2&#8243;][mk_image src=&#8221;https:\/\/finestresemporda.cat\/wp-content\/uploads\/2023\/11\/obras-realizada-pals.jpg&#8221; image_size=&#8221;full&#8221; visibility=&#8221;hidden-sm&#8221;][vc_row_inner][vc_column_inner width=&#8221;1\/4&#8243;][mk_padding_divider size=&#8221;18&#8243; visibility=&#8221;hidden-sm&#8221;][vc_separator color=&#8221;black&#8221; border_width=&#8221;2&#8243; el_width=&#8221;80&#8243;][\/vc_column_inner][vc_column_inner width=&#8221;3\/4&#8243;][mk_fancy_title size=&#8221;30&#8243; font_weight=&#8221;bold&#8221; font_family=&#8221;none&#8221;]PALS[\/mk_fancy_title][\/vc_column_inner][\/vc_row_inner][mk_fancy_title size=&#8221;20&#8243; font_weight=&#8221;400&#8243; font_family=&#8221;none&#8221;]Instal\u00b7laci\u00f3 de finestres FIN-Project en color blanc. Les finestres que vam instal\u00b7lar tenen perfils molt estrets amb l&#8217;objectiu d&#8217;aportar una aparen\u00e7a molt moderna i actual. Gr\u00e0cies a les dimensions de la finestra i la seva forma, s&#8217;aconsegueix una sensaci\u00f3 d&#8217;amplitud i lluminositat a tota l&#8217;estan\u00e7a.[\/mk_fancy_title][mk_padding_divider size=&#8221;80&#8243;][\/vc_column][\/vc_row][vc_row][vc_column width=&#8221;1\/2&#8243;][mk_image src=&#8221;https:\/\/finestresemporda.cat\/wp-content\/uploads\/2023\/11\/obras-realizada-begur.jpg&#8221; image_size=&#8221;full&#8221; visibility=&#8221;hidden-sm&#8221;][vc_row_inner][vc_column_inner width=&#8221;1\/4&#8243;][mk_padding_divider size=&#8221;18&#8243; visibility=&#8221;hidden-sm&#8221;][vc_separator color=&#8221;black&#8221; border_width=&#8221;2&#8243; el_width=&#8221;80&#8243;][\/vc_column_inner][vc_column_inner width=&#8221;3\/4&#8243;][mk_fancy_title size=&#8221;30&#8243; font_weight=&#8221;bold&#8221; font_family=&#8221;none&#8221;]BEGUR<\/p>\n[\/mk_fancy_title][\/vc_column_inner][\/vc_row_inner][mk_fancy_title size=&#8221;20&#8243; font_weight=&#8221;400&#8243; font_family=&#8221;none&#8221;]En aquest treball vam instal\u00b7lar finestres Finstral Lignatec. Una gamma de finestres molt resistents a les inclem\u00e8ncies del temps, tant al vent com a la pluja o la neu. Pel que fa a la part interior, les finestres estan fabricades de fusta per aportar un ambient acollidor i c\u00e0lid a l&#8217;estan\u00e7a[\/mk_fancy_title][mk_padding_divider size=&#8221;80&#8243;][\/vc_column][vc_column width=&#8221;1\/2&#8243;][mk_image src=&#8221;https:\/\/finestresemporda.cat\/wp-content\/uploads\/2023\/11\/obras-realizada-pals.jpg&#8221; image_size=&#8221;full&#8221; visibility=&#8221;hidden-sm&#8221;][vc_row_inner][vc_column_inner width=&#8221;1\/4&#8243;][mk_padding_divider size=&#8221;18&#8243; visibility=&#8221;hidden-sm&#8221;][vc_separator color=&#8221;black&#8221; border_width=&#8221;2&#8243; el_width=&#8221;80&#8243;][\/vc_column_inner][vc_column_inner width=&#8221;3\/4&#8243;][mk_fancy_title size=&#8221;30&#8243; font_weight=&#8221;bold&#8221; font_family=&#8221;none&#8221;]APARTAMENTS SAMARIA STREET[\/mk_fancy_title][\/vc_column_inner][\/vc_row_inner][mk_fancy_title size=&#8221;20&#8243; font_weight=&#8221;400&#8243; font_family=&#8221;none&#8221;]A Finestres Empord\u00e0 vam instal\u00b7lar les finestres dels apartaments Samaria Street a Pals, dissenyats per l&#8217;interiorista Josep Quaranta.<\/p>\n<p>Vam col\u00b7locar finestres de PVC a l&#8217;interior i lacades a l&#8217;exterior en tons marrons. Amb aquest tipus de revestiment a la finestra, es pret\u00e9n mantenir l&#8217;est\u00e8tica r\u00fastica de l&#8217;edifici.[\/mk_fancy_title][mk_padding_divider size=&#8221;80&#8243;][\/vc_column][\/vc_row][vc_row][vc_column][vc_column_text]\n[\/vc_column_text][mk_padding_divider][\/vc_column][\/vc_row][vc_row visibility=&#8221;hidden-sm&#8221;][vc_column width=&#8221;5\/6&#8243;][mk_padding_divider size=&#8221;70&#8243;][mk_fancy_title strip_tags=&#8221;true&#8221; color=&#8221;#000000&#8243; size=&#8221;60&#8243; font_weight=&#8221;900&#8243; letter_spacing=&#8221;2&#8243; margin_bottom=&#8221;0&#8243; font_family=&#8221;Open+Sans&#8221; font_type=&#8221;google&#8221; align=&#8221;center&#8221; animation=&#8221;bottom-to-top&#8221;]<strong>\u00bfLe podem ajudar?<\/strong>[\/mk_fancy_title][mk_fancy_title tag_name=&#8221;h5&#8243; color=&#8221;#020202&#8243; size=&#8221;24&#8243; font_weight=&#8221;400&#8243; margin_bottom=&#8221;0&#8243; font_family=&#8221;none&#8221; responsive_align=&#8221;left&#8221;]\n<p style=\"text-align: center;\">Com ja sap, a Finestres Empord\u00e0 volem que tri\u00ef la millor opci\u00f3. Per aix\u00f2, volem assessorar-lo i resoldre totes les seves preguntes. Poseu-vos en contacte amb nosaltres per a qualsevol cosa que necessiti.<\/p>\n[\/mk_fancy_title][mk_padding_divider size=&#8221;30&#8243;][mk_button dimension=&#8221;outline&#8221; size=&#8221;x-large&#8221; icon=&#8221;mk-icon-phone&#8221; icon_anim=&#8221;vertical&#8221; url=&#8221;\/contacto&#8221; align=&#8221;center&#8221; button_custom_width=&#8221;205&#8243; margin_bottom=&#8221;0&#8243; margin_right=&#8221;0&#8243; animation=&#8221;scale-up&#8221; outline_skin=&#8221;custom&#8221; outline_active_text_color=&#8221;#cb4f1c&#8221;]Contacta&#8217;ns[\/mk_button][mk_padding_divider size=&#8221;100&#8243;][\/vc_column][vc_column width=&#8221;1\/6&#8243;][\/vc_column][\/vc_row][vc_row][vc_column][vc_column_text]\n[\/vc_column_text][\/vc_column][\/vc_row]\n","protected":false},"excerpt":{"rendered":"<p>[vc_row visibility=&#8221;hidden-sm&#8221;][vc_column css=&#8221;.vc_custom_1637580493028{padding-right: 50px !important;}&#8221;][mk_fancy_title strip_tags=&#8221;true&#8221; tag_name=&#8221;h1&#8243; color=&#8221;#000000&#8243; size=&#8221;70&#8243; font_weight=&#8221;900&#8243; letter_spacing=&#8221;1&#8243; margin_bottom=&#8221;0&#8243; font_family=&#8221;Open+Sans&#8221; font_type=&#8221;google&#8221; align=&#8221;center&#8221; animation=&#8221;bottom-to-top&#8221;]OBRES REALITZADES[\/mk_fancy_title][mk_fancy_title strip_tags=&#8221;true&#8221; color=&#8221;#000000&#8243; size=&#8221;40&#8243; font_weight=&#8221;300&#8243; letter_spacing=&#8221;1&#8243; margin_bottom=&#8221;0&#8243; font_family=&#8221;Open+Sans&#8221; font_type=&#8221;google&#8221; align=&#8221;center&#8221; animation=&#8221;bottom-to-top&#8221;] Cuidem cada detall de la vostra obra [\/mk_fancy_title][mk_padding_divider size=&#8221;80&#8243;][\/vc_column][\/vc_row][vc_row visibility=&#8221;visible-sm&#8221;][vc_column][mk_fancy_title strip_tags=&#8221;true&#8221; color=&#8221;#000000&#8243; size=&#8221;40&#8243; font_weight=&#8221;900&#8243; letter_spacing=&#8221;1&#8243; margin_bottom=&#8221;0&#8243; font_family=&#8221;Open+Sans&#8221; font_type=&#8221;google&#8221; align=&#8221;center&#8221; animation=&#8221;bottom-to-top&#8221;]OBRES REALITZADES[\/mk_fancy_title][mk_fancy_title strip_tags=&#8221;true&#8221; color=&#8221;#000000&#8243; size=&#8221;30&#8243; font_weight=&#8221;300&#8243; letter_spacing=&#8221;1&#8243; margin_bottom=&#8221;0&#8243; font_family=&#8221;Open+Sans&#8221; [&hellip;]<\/p>\n","protected":false},"author":8,"featured_media":0,"parent":0,"menu_order":0,"comment_status":"closed","ping_status":"closed","template":"","meta":{"_monsterinsights_skip_tracking":false,"_monsterinsights_sitenote_active":false,"_monsterinsights_sitenote_note":"","_monsterinsights_sitenote_category":0,"footnotes":""},"class_list":["post-17116","page","type-page","status-publish","hentry"],"aioseo_notices":[],"_links":{"self":[{"href":"https:\/\/finestresemporda.cat\/ca\/wp-json\/wp\/v2\/pages\/17116","targetHints":{"allow":["GET"]}}],"collection":[{"href":"https:\/\/finestresemporda.cat\/ca\/wp-json\/wp\/v2\/pages"}],"about":[{"href":"https:\/\/finestresemporda.cat\/ca\/wp-json\/wp\/v2\/types\/page"}],"author":[{"embeddable":true,"href":"https:\/\/finestresemporda.cat\/ca\/wp-json\/wp\/v2\/users\/8"}],"replies":[{"embeddable":true,"href":"https:\/\/finestresemporda.cat\/ca\/wp-json\/wp\/v2\/comments?post=17116"}],"version-history":[{"count":14,"href":"https:\/\/finestresemporda.cat\/ca\/wp-json\/wp\/v2\/pages\/17116\/revisions"}],"predecessor-version":[{"id":17788,"href":"https:\/\/finestresemporda.cat\/ca\/wp-json\/wp\/v2\/pages\/17116\/revisions\/17788"}],"wp:attachment":[{"href":"https:\/\/finestresemporda.cat\/ca\/wp-json\/wp\/v2\/media?parent=17116"}],"curies":[{"name":"wp","href":"https:\/\/api.w.org\/{rel}","templated":true}]}}