{"id":17398,"date":"2023-11-14T07:55:30","date_gmt":"2023-11-14T06:55:30","guid":{"rendered":"https:\/\/finestresemporda.cat\/?page_id=17398"},"modified":"2024-05-10T10:02:24","modified_gmt":"2024-05-10T08:02:24","slug":"productos","status":"publish","type":"page","link":"https:\/\/finestresemporda.cat\/ca\/productos\/","title":{"rendered":"Productes"},"content":{"rendered":"[mk_page_section bg_image=&#8221;https:\/\/finestresemporda.cat\/wp-content\/uploads\/2021\/12\/13112019-dsc_5208.png&#8221; attachment=&#8221;fixed&#8221; bg_position=&#8221;center center&#8221; bg_repeat=&#8221;no-repeat&#8221; visibility=&#8221;hidden-sm&#8221; sidebar=&#8221;sidebar-1&#8243;][vc_column][mk_padding_divider size=&#8221;300&#8243;][vc_row_inner is_fullwidth_content=&#8221;false&#8221;][vc_column_inner width=&#8221;1\/2&#8243;][mk_fancy_title strip_tags=&#8221;true&#8221; tag_name=&#8221;h1&#8243; color=&#8221;#ffffff&#8221; size=&#8221;70&#8243; force_font_size=&#8221;true&#8221; size_smallscreen=&#8221;&#8221; size_tablet=&#8221;25&#8243; size_phone=&#8221;&#8221; font_weight=&#8221;bolder&#8221; letter_spacing=&#8221;-1&#8243; margin_bottom=&#8221;0&#8243; font_family=&#8221;Open+Sans&#8221; font_type=&#8221;google&#8221;]<strong>Productes<\/strong>[\/mk_fancy_title][mk_padding_divider size=&#8221;20&#8243;][mk_fancy_title strip_tags=&#8221;true&#8221; tag_name=&#8221;span&#8221; color=&#8221;#ffffff&#8221; size=&#8221;30&#8243; force_font_size=&#8221;true&#8221; size_tablet=&#8221;45&#8243; line_height=&#8221;110&#8243; font_weight=&#8221;500&#8243; margin_bottom=&#8221;0&#8243; font_family=&#8221;Open+Sans&#8221; font_type=&#8221;google&#8221;]A Finestres Empord\u00e0 disposem d&#8217;una \u00e0mplia varietat de <strong>productes de fusteria a la Costa Brava<\/strong>. Finestres, portes d&#8217;entrada, mosquiteres, persianes i porticons.[\/mk_fancy_title][\/vc_column_inner][vc_column_inner width=&#8221;1\/2&#8243;][\/vc_column_inner][\/vc_row_inner][\/vc_column][\/mk_page_section][mk_page_section bg_image=&#8221;https:\/\/finestresemporda.cat\/wp-content\/uploads\/2021\/12\/13112019-dsc_5208.png&#8221; attachment=&#8221;fixed&#8221; bg_position=&#8221;center center&#8221; bg_repeat=&#8221;no-repeat&#8221; visibility=&#8221;visible-sm&#8221; sidebar=&#8221;sidebar-1&#8243;][vc_column][mk_padding_divider size=&#8221;100&#8243;][mk_fancy_title strip_tags=&#8221;true&#8221; tag_name=&#8221;h1&#8243; color=&#8221;#ffffff&#8221; size=&#8221;40&#8243; force_font_size=&#8221;true&#8221; size_smallscreen=&#8221;&#8221; size_tablet=&#8221;25&#8243; size_phone=&#8221;&#8221; font_weight=&#8221;bolder&#8221; letter_spacing=&#8221;-1&#8243; margin_bottom=&#8221;0&#8243; font_family=&#8221;Open+Sans&#8221; font_type=&#8221;google&#8221;]<strong>Productes<\/strong>[\/mk_fancy_title][mk_padding_divider size=&#8221;100&#8243;][\/vc_column][\/mk_page_section][vc_row][vc_column][mk_padding_divider size=&#8221;80&#8243;][mk_fancy_title tag_name=&#8221;span&#8221; color=&#8221;#020202&#8243; size=&#8221;25&#8243; line_height=&#8221;150&#8243; font_weight=&#8221;400&#8243; margin_bottom=&#8221;0&#8243; font_family=&#8221;none&#8221; align=&#8221;center&#8221;]\n<p style=\"text-align: center;\"><strong>Tant per a noves construccions com per a renovacions,<\/strong> podeu triar els elements que necessiteu. De fet, podeu personalitzar-los en quant a color, material i forma. Productes de fusteria a mida a Serra de Dar\u00f3 per al vostre habitatge. Comptem amb Finstral com a prove\u00efdor i amb el certificat IFT per al muntatge.<\/p>\n[\/mk_fancy_title][mk_padding_divider size=&#8221;80&#8243;][\/vc_column][\/vc_row][vc_row visibility=&#8221;hidden-sm&#8221; css=&#8221;.vc_custom_1642073750795{background-image: url(https:\/\/finestresemporda.cat\/wp-content\/uploads\/2021\/12\/ventanas-1.jpg?id=16371) !important;background-position: 0 0 !important;background-repeat: no-repeat !important;}&#8221;][vc_column][mk_padding_divider size=&#8221;350&#8243;][vc_row_inner][vc_column_inner width=&#8221;5\/12&#8243; css=&#8221;.vc_custom_1640768086668{background-color: #ffffff !important;}&#8221;][mk_fancy_title color=&#8221;#000000&#8243; size=&#8221;60&#8243; font_weight=&#8221;bold&#8221; margin_bottom=&#8221;0&#8243; font_family=&#8221;none&#8221; animation=&#8221;scale-up&#8221;]\n<p style=\"text-align: left;\">FINESTRES<\/p>\n[\/mk_fancy_title][mk_padding_divider size=&#8221;20&#8243;][mk_fancy_title tag_name=&#8221;span&#8221; color=&#8221;#000000&#8243; size=&#8221;25&#8243; line_height=&#8221;120&#8243; font_weight=&#8221;400&#8243; margin_bottom=&#8221;0&#8243; font_family=&#8221;none&#8221; animation=&#8221;scale-up&#8221;]Alumini, PVC, Alumini-PVC, estil fusta&#8230; Sigui quina sigui la finestra que esteu buscant, la podeu trobar amb nosaltres.[\/mk_fancy_title][mk_padding_divider size=&#8221;20&#8243;][\/vc_column_inner][vc_column_inner width=&#8221;7\/12&#8243;][\/vc_column_inner][\/vc_row_inner][\/vc_column][\/vc_row][vc_row visibility=&#8221;hidden-sm&#8221;][vc_column width=&#8221;1\/12&#8243;][\/vc_column][vc_column width=&#8221;6\/12&#8243;][mk_padding_divider size=&#8221;20&#8243;][mk_fancy_title tag_name=&#8221;span&#8221; color=&#8221;#020202&#8243; size=&#8221;20&#8243; line_height=&#8221;150&#8243; font_weight=&#8221;400&#8243; margin_bottom=&#8221;0&#8243; font_family=&#8221;none&#8221;]Renoveu les <strong>vostres finestres a Girona<\/strong> amb nosaltres o trieu les finestres per a la vostra nova obra. Gr\u00e0cies al nostre prove\u00efdor <strong>Finstral<\/strong>, disposem d&#8217;una \u00e0mplia gamma de finestres a mida, segures, a\u00efllants, est\u00e8tiques, resistents i duradores. Podeu triar des del color, el material, la forma, l&#8217;estil&#8230; Us oferim una <strong>finestra 100% personalitzable.<\/strong>[\/mk_fancy_title][mk_fancy_title tag_name=&#8221;span&#8221; color=&#8221;#020202&#8243; size=&#8221;22&#8243; font_weight=&#8221;600&#8243; margin_bottom=&#8221;0&#8243; font_family=&#8221;none&#8221;]<a href=\"\/ca\/productos\/ventanas-pvc-aluminio\/\">Anar a Finestres \u27a1<\/a>[\/mk_fancy_title][\/vc_column][vc_column width=&#8221;5\/12&#8243;][\/vc_column][\/vc_row][vc_row fullwidth=&#8221;true&#8221; fullwidth_content=&#8221;false&#8221; visibility=&#8221;visible-sm&#8221;][vc_column][mk_image src=&#8221;https:\/\/finestresemporda.cat\/wp-content\/uploads\/2021\/12\/productos-ventanas-2.jpg&#8221; image_size=&#8221;full&#8221; align=&#8221;center&#8221;][mk_padding_divider size=&#8221;20&#8243;][mk_fancy_title color=&#8221;#000000&#8243; size=&#8221;60&#8243; font_weight=&#8221;bold&#8221; margin_bottom=&#8221;0&#8243; font_family=&#8221;none&#8221; align=&#8221;center&#8221; animation=&#8221;scale-up&#8221;]\n<p style=\"text-align: center;\">Ventanas<\/p>\n[\/mk_fancy_title][mk_padding_divider size=&#8221;20&#8243;][mk_fancy_title tag_name=&#8221;span&#8221; color=&#8221;#000000&#8243; size=&#8221;25&#8243; line_height=&#8221;120&#8243; font_weight=&#8221;400&#8243; margin_bottom=&#8221;0&#8243; font_family=&#8221;none&#8221; animation=&#8221;scale-up&#8221;]Alumini, PVC, Alumini-PVC, estil fusta&#8230; Sigui quina sigui la finestra que esteu buscant, la podeu trobar amb nosaltres.[\/mk_fancy_title][mk_fancy_title tag_name=&#8221;span&#8221; color=&#8221;#020202&#8243; size=&#8221;20&#8243; line_height=&#8221;150&#8243; font_weight=&#8221;400&#8243; margin_bottom=&#8221;0&#8243; font_family=&#8221;none&#8221;]Renoveu les <strong>vostres finestres a Girona<\/strong> amb nosaltres o trieu les finestres per a la vostra nova obra. Gr\u00e0cies al nostre prove\u00efdor <strong>Finstral<\/strong>, disposem d&#8217;una \u00e0mplia gamma de finestres a mida, segures, a\u00efllants, est\u00e8tiques, resistents i duradores. Podeu triar des del color, el material, la forma, l&#8217;estil&#8230; Us oferim una <strong>finestra 100% personalitzable.<\/strong>[\/mk_fancy_title][mk_padding_divider size=&#8221;20&#8243;][mk_fancy_title tag_name=&#8221;span&#8221; color=&#8221;#020202&#8243; size=&#8221;22&#8243; font_weight=&#8221;600&#8243; margin_bottom=&#8221;0&#8243; font_family=&#8221;none&#8221;]<a href=\"\/ca\/productos\/ventanas-pvc-aluminio\/\">Anar a Finestres \u27a1<\/a>[\/mk_fancy_title][mk_padding_divider size=&#8221;20&#8243;][\/vc_column][\/vc_row][vc_row][vc_column][mk_padding_divider size=&#8221;150&#8243;][\/vc_column][\/vc_row][vc_row visibility=&#8221;hidden-sm&#8221; css=&#8221;.vc_custom_1644482326370{background-image: url(https:\/\/finestresemporda.cat\/wp-content\/uploads\/2022\/02\/pm.png?id=16992) !important;background-position: 0 0 !important;background-repeat: no-repeat !important;}&#8221;][vc_column][mk_padding_divider size=&#8221;220&#8243;][vc_row_inner][vc_column_inner width=&#8221;6\/12&#8243;][\/vc_column_inner][vc_column_inner width=&#8221;6\/12&#8243; css=&#8221;.vc_custom_1640769092931{padding-left: 10% !important;background-color: #ffffff !important;}&#8221;][mk_fancy_title color=&#8221;#000000&#8243; size=&#8221;60&#8243; font_weight=&#8221;bold&#8221; margin_bottom=&#8221;0&#8243; font_family=&#8221;none&#8221; animation=&#8221;scale-up&#8221;]<strong>PORTES D&#8217;ENTRADA<\/strong>[\/mk_fancy_title][mk_padding_divider size=&#8221;20&#8243;][mk_fancy_title strip_tags=&#8221;true&#8221; tag_name=&#8221;span&#8221; color=&#8221;#000000&#8243; size=&#8221;25&#8243; line_height=&#8221;120&#8243; font_weight=&#8221;400&#8243; margin_bottom=&#8221;0&#8243; font_family=&#8221;none&#8221; animation=&#8221;scale-up&#8221;]Aporta la major seguretat a la vostra llar amb portes d&#8217;entrada segures i resistents.[\/mk_fancy_title][mk_padding_divider size=&#8221;20&#8243;][\/vc_column_inner][\/vc_row_inner][\/vc_column][\/vc_row][vc_row visibility=&#8221;hidden-sm&#8221;][vc_column width=&#8221;7\/12&#8243;][mk_padding_divider size=&#8221;100&#8243;][\/vc_column][vc_column width=&#8221;5\/12&#8243; css=&#8221;.vc_custom_1640769202158{padding-left: 20px !important;}&#8221;][mk_padding_divider size=&#8221;20&#8243;][mk_fancy_title tag_name=&#8221;span&#8221; color=&#8221;#020202&#8243; size=&#8221;20&#8243; line_height=&#8221;150&#8243; font_weight=&#8221;400&#8243; margin_bottom=&#8221;0&#8243; font_family=&#8221;none&#8221;]Cerqueu seguretat i tranquil\u00b7litat a casa vostra? Trieu una <strong>porta d&#8217;entrada de Finstral <\/strong>amb Finestres Empord\u00e0 i podreu estar tranquils. Portes amb elements de seguretat, duradores, resistents i molt dif\u00edcils d&#8217;obrir fent palanca. El millor: <strong>podeu personalitzar-les completament. <\/strong>Trieu el color, la forma, els materials, l&#8217;estil&#8230;[\/mk_fancy_title][mk_fancy_title tag_name=&#8221;span&#8221; color=&#8221;#020202&#8243; size=&#8221;22&#8243; font_weight=&#8221;600&#8243; margin_bottom=&#8221;0&#8243; font_family=&#8221;none&#8221;]<a href=\"\/ca\/productos\/puertas-de-entrada\/\">Anar a Portes \u27a1<\/a>[\/mk_fancy_title][\/vc_column][\/vc_row][vc_row fullwidth=&#8221;true&#8221; fullwidth_content=&#8221;false&#8221; visibility=&#8221;visible-sm&#8221;][vc_column][mk_image src=&#8221;https:\/\/finestresemporda.cat\/wp-content\/uploads\/2022\/02\/productos-puertas.jpg&#8221; image_size=&#8221;full&#8221; align=&#8221;center&#8221;][mk_padding_divider size=&#8221;20&#8243;][mk_fancy_title color=&#8221;#000000&#8243; size=&#8221;60&#8243; font_weight=&#8221;bold&#8221; margin_bottom=&#8221;0&#8243; font_family=&#8221;none&#8221; align=&#8221;center&#8221; animation=&#8221;scale-up&#8221;]\n<p style=\"text-align: center;\"><strong>PORTES D&#8217;ENTRADA<\/strong><\/p>\n[\/mk_fancy_title][mk_padding_divider size=&#8221;20&#8243;][mk_fancy_title tag_name=&#8221;span&#8221; color=&#8221;#000000&#8243; size=&#8221;25&#8243; line_height=&#8221;120&#8243; font_weight=&#8221;400&#8243; margin_bottom=&#8221;0&#8243; font_family=&#8221;none&#8221; animation=&#8221;scale-up&#8221;]Aporta la major seguretat a la vostra llar amb portes d&#8217;entrada segures i resistents.[\/mk_fancy_title][mk_fancy_title tag_name=&#8221;span&#8221; color=&#8221;#020202&#8243; size=&#8221;20&#8243; line_height=&#8221;150&#8243; font_weight=&#8221;400&#8243; margin_bottom=&#8221;0&#8243; font_family=&#8221;none&#8221;]Cerqueu seguretat i tranquil\u00b7litat a casa vostra? Trieu una <strong>porta d&#8217;entrada de Finstral <\/strong>amb Finestres Empord\u00e0 i podreu estar tranquils. Portes amb elements de seguretat, duradores, resistents i molt dif\u00edcils d&#8217;obrir fent palanca. El millor: <strong>podeu personalitzar-les completament. <\/strong>Trieu el color, la forma, els materials, l&#8217;estil&#8230;[\/mk_fancy_title][mk_padding_divider size=&#8221;20&#8243;][mk_fancy_title tag_name=&#8221;span&#8221; color=&#8221;#020202&#8243; size=&#8221;22&#8243; font_weight=&#8221;600&#8243; margin_bottom=&#8221;0&#8243; font_family=&#8221;none&#8221;]<a href=\"\/ca\/productos\/puertas-de-entrada\/\">Anar a Portes \u27a1<\/a>[\/mk_fancy_title][mk_padding_divider size=&#8221;20&#8243;][\/vc_column][\/vc_row][vc_row][vc_column][mk_padding_divider size=&#8221;150&#8243;][\/vc_column][\/vc_row][vc_row visibility=&#8221;hidden-sm&#8221;][vc_column width=&#8221;1\/2&#8243;][mk_fancy_title color=&#8221;#000000&#8243; size=&#8221;60&#8243; font_weight=&#8221;bold&#8221; margin_bottom=&#8221;0&#8243; font_family=&#8221;none&#8221; animation=&#8221;scale-up&#8221;]<strong>ALTRES ELEMENTS<\/strong>[\/mk_fancy_title][mk_padding_divider size=&#8221;20&#8243;][mk_fancy_title tag_name=&#8221;span&#8221; color=&#8221;#000000&#8243; size=&#8221;25&#8243; line_height=&#8221;120&#8243; font_weight=&#8221;400&#8243; margin_bottom=&#8221;0&#8243; font_family=&#8221;none&#8221; animation=&#8221;scale-up&#8221;]Mallorquines, mosquiteres, porticons i persianes per a casa vostra.[\/mk_fancy_title][mk_padding_divider size=&#8221;20&#8243;][vc_row_inner][vc_column_inner width=&#8221;1\/6&#8243;][\/vc_column_inner][vc_column_inner width=&#8221;5\/6&#8243;][mk_fancy_title tag_name=&#8221;span&#8221; color=&#8221;#020202&#8243; size=&#8221;20&#8243; line_height=&#8221;150&#8243; font_weight=&#8221;400&#8243; margin_bottom=&#8221;0&#8243; font_family=&#8221;none&#8221;]Des de Finestres Empord\u00e0 tamb\u00e9 treballem per oferir-vos productes de <strong>decoraci\u00f3 i acomodament<\/strong> per a casa vostra. Protegiu les vostres finestres amb mosquiteres per ventilar cada estan\u00e7a tranquil\u00b7lament, a\u00eflleu encara m\u00e9s la vostra casa amb les persianes o decoreu les vostres finestres amb porticons. Trieu a mida l&#8217;element que necessiteu.[\/mk_fancy_title][mk_fancy_title tag_name=&#8221;span&#8221; color=&#8221;#020202&#8243; size=&#8221;22&#8243; font_weight=&#8221;600&#8243; margin_bottom=&#8221;0&#8243; font_family=&#8221;none&#8221;]<a href=\"\/ca\/productos\/otros-elementos\/\">Anar a Altres Elements \u27a1<\/a>[\/mk_fancy_title][\/vc_column_inner][\/vc_row_inner][\/vc_column][vc_column width=&#8221;1\/2&#8243;][mk_image src=&#8221;https:\/\/finestresemporda.cat\/wp-content\/uploads\/2021\/12\/otros-elementos.jpg&#8221; image_size=&#8221;full&#8221;][\/vc_column][\/vc_row][vc_row][vc_column][mk_padding_divider size=&#8221;150&#8243;][\/vc_column][\/vc_row][vc_row fullwidth=&#8221;true&#8221; fullwidth_content=&#8221;false&#8221; visibility=&#8221;visible-sm&#8221;][vc_column][mk_image src=&#8221;https:\/\/finestresemporda.cat\/wp-content\/uploads\/2021\/12\/otros-elementos.jpg&#8221; image_size=&#8221;full&#8221; align=&#8221;center&#8221;][mk_padding_divider size=&#8221;20&#8243;][mk_fancy_title color=&#8221;#000000&#8243; size=&#8221;60&#8243; font_weight=&#8221;bold&#8221; margin_bottom=&#8221;0&#8243; font_family=&#8221;none&#8221; align=&#8221;center&#8221; animation=&#8221;scale-up&#8221;]\n<p style=\"text-align: center;\"><strong>ALTRES ELEMENTS<\/strong><\/p>\n[\/mk_fancy_title][mk_padding_divider size=&#8221;20&#8243;][mk_fancy_title tag_name=&#8221;span&#8221; color=&#8221;#000000&#8243; size=&#8221;25&#8243; line_height=&#8221;120&#8243; font_weight=&#8221;400&#8243; margin_bottom=&#8221;0&#8243; font_family=&#8221;none&#8221; animation=&#8221;scale-up&#8221;]Mallorquines, mosquiteres, porticons i persianes per a casa vostra.[\/mk_fancy_title][mk_fancy_title tag_name=&#8221;span&#8221; color=&#8221;#020202&#8243; size=&#8221;20&#8243; line_height=&#8221;150&#8243; font_weight=&#8221;400&#8243; margin_bottom=&#8221;0&#8243; font_family=&#8221;none&#8221;]Des de Finestres Empord\u00e0 tamb\u00e9 treballem per oferir-vos productes de <strong>decoraci\u00f3 i acomodament<\/strong> per a casa vostra. Protegiu les vostres finestres amb mosquiteres per ventilar cada estan\u00e7a tranquil\u00b7lament, a\u00eflleu encara m\u00e9s la vostra casa amb les persianes o decoreu les vostres finestres amb porticons. Trieu a mida l&#8217;element que necessiteu.[\/mk_fancy_title][mk_padding_divider size=&#8221;20&#8243;][mk_fancy_title tag_name=&#8221;span&#8221; color=&#8221;#020202&#8243; size=&#8221;22&#8243; font_weight=&#8221;600&#8243; margin_bottom=&#8221;0&#8243; font_family=&#8221;none&#8221;]<a href=\"\/ca\/productos\/otros-elementos\/\">Anar a Altres Elements \u27a1<\/a>[\/mk_fancy_title][mk_padding_divider size=&#8221;20&#8243;][\/vc_column][\/vc_row][vc_row][vc_column][mk_padding_divider size=&#8221;70&#8243;][mk_fancy_title color=&#8221;#000000&#8243; size=&#8221;50&#8243; font_weight=&#8221;bold&#8221; letter_spacing=&#8221;2&#8243; margin_bottom=&#8221;0&#8243; font_family=&#8221;Open+Sans&#8221; font_type=&#8221;google&#8221; align=&#8221;center&#8221; animation=&#8221;scale-up&#8221;]<strong>Li ajudem?<\/strong>[\/mk_fancy_title][mk_fancy_title tag_name=&#8221;span&#8221; color=&#8221;#000000&#8243; size=&#8221;25&#8243; font_weight=&#8221;500&#8243; letter_spacing=&#8221;2&#8243; margin_bottom=&#8221;0&#8243; font_family=&#8221;Open+Sans&#8221; font_type=&#8221;google&#8221; align=&#8221;center&#8221; animation=&#8221;scale-up&#8221;]<a href=\"\/ca\/contacto\/\">Sol\u00b7liciteu un pressupost a mida aqu\u00ed<\/a>[\/mk_fancy_title][\/vc_column][\/vc_row][vc_row][vc_column][mk_padding_divider size=&#8221;150&#8243;][\/vc_column][\/vc_row]\n","protected":false},"excerpt":{"rendered":"<p>[mk_page_section bg_image=&#8221;https:\/\/finestresemporda.cat\/wp-content\/uploads\/2021\/12\/13112019-dsc_5208.png&#8221; attachment=&#8221;fixed&#8221; bg_position=&#8221;center center&#8221; bg_repeat=&#8221;no-repeat&#8221; visibility=&#8221;hidden-sm&#8221; sidebar=&#8221;sidebar-1&#8243;][vc_column][mk_padding_divider size=&#8221;300&#8243;][vc_row_inner is_fullwidth_content=&#8221;false&#8221;][vc_column_inner width=&#8221;1\/2&#8243;][mk_fancy_title strip_tags=&#8221;true&#8221; tag_name=&#8221;h1&#8243; color=&#8221;#ffffff&#8221; size=&#8221;70&#8243; force_font_size=&#8221;true&#8221; size_smallscreen=&#8221;&#8221; size_tablet=&#8221;25&#8243; size_phone=&#8221;&#8221; font_weight=&#8221;bolder&#8221; letter_spacing=&#8221;-1&#8243; margin_bottom=&#8221;0&#8243; font_family=&#8221;Open+Sans&#8221; font_type=&#8221;google&#8221;]Productes[\/mk_fancy_title][mk_padding_divider size=&#8221;20&#8243;][mk_fancy_title strip_tags=&#8221;true&#8221; tag_name=&#8221;span&#8221; color=&#8221;#ffffff&#8221; size=&#8221;30&#8243; force_font_size=&#8221;true&#8221; size_tablet=&#8221;45&#8243; line_height=&#8221;110&#8243; font_weight=&#8221;500&#8243; margin_bottom=&#8221;0&#8243; font_family=&#8221;Open+Sans&#8221; font_type=&#8221;google&#8221;]A Finestres Empord\u00e0 disposem d&#8217;una \u00e0mplia varietat de productes de fusteria a la Costa Brava. Finestres, portes d&#8217;entrada, mosquiteres, persianes [&hellip;]<\/p>\n","protected":false},"author":8,"featured_media":0,"parent":0,"menu_order":2,"comment_status":"closed","ping_status":"closed","template":"","meta":{"_monsterinsights_skip_tracking":false,"_monsterinsights_sitenote_active":false,"_monsterinsights_sitenote_note":"","_monsterinsights_sitenote_category":0,"footnotes":""},"class_list":["post-17398","page","type-page","status-publish","hentry"],"aioseo_notices":[],"_links":{"self":[{"href":"https:\/\/finestresemporda.cat\/ca\/wp-json\/wp\/v2\/pages\/17398","targetHints":{"allow":["GET"]}}],"collection":[{"href":"https:\/\/finestresemporda.cat\/ca\/wp-json\/wp\/v2\/pages"}],"about":[{"href":"https:\/\/finestresemporda.cat\/ca\/wp-json\/wp\/v2\/types\/page"}],"author":[{"embeddable":true,"href":"https:\/\/finestresemporda.cat\/ca\/wp-json\/wp\/v2\/users\/8"}],"replies":[{"embeddable":true,"href":"https:\/\/finestresemporda.cat\/ca\/wp-json\/wp\/v2\/comments?post=17398"}],"version-history":[{"count":8,"href":"https:\/\/finestresemporda.cat\/ca\/wp-json\/wp\/v2\/pages\/17398\/revisions"}],"predecessor-version":[{"id":17700,"href":"https:\/\/finestresemporda.cat\/ca\/wp-json\/wp\/v2\/pages\/17398\/revisions\/17700"}],"wp:attachment":[{"href":"https:\/\/finestresemporda.cat\/ca\/wp-json\/wp\/v2\/media?parent=17398"}],"curies":[{"name":"wp","href":"https:\/\/api.w.org\/{rel}","templated":true}]}}