{"id":17444,"date":"2023-11-14T09:27:39","date_gmt":"2023-11-14T08:27:39","guid":{"rendered":"https:\/\/finestresemporda.cat\/?page_id=17444"},"modified":"2024-06-06T15:23:27","modified_gmt":"2024-06-06T13:23:27","slug":"contacto","status":"publish","type":"page","link":"https:\/\/finestresemporda.cat\/ca\/contacto\/","title":{"rendered":"Contacte"},"content":{"rendered":"[mk_page_section vertical_align=&#8221;top&#8221; bg_image=&#8221;https:\/\/finestresemporda.cat\/wp-content\/uploads\/2022\/01\/banner-contacto.jpg&#8221; attachment=&#8221;fixed&#8221; bg_position=&#8221;center center&#8221; bg_repeat=&#8221;no-repeat&#8221; min_height=&#8221;203&#8243; full_width=&#8221;true&#8221; js_vertical_centered=&#8221;true&#8221; visibility=&#8221;visible-sm&#8221; sidebar=&#8221;sidebar-1&#8243;][vc_column][mk_padding_divider size=&#8221;150&#8243;][mk_fancy_title strip_tags=&#8221;true&#8221; tag_name=&#8221;h1&#8243; color=&#8221;#ffffff&#8221; size=&#8221;40&#8243; line_height=&#8221;150&#8243; font_weight=&#8221;bolder&#8221; font_style=&#8221;normal&#8221; letter_spacing=&#8221;1&#8243; margin_bottom=&#8221;0&#8243; font_family=&#8221;none&#8221; align=&#8221;center&#8221; animation=&#8221;scale-up&#8221; visibility=&#8221;visible-sm&#8221;]\n<h2 style=\"text-align: center;\" align=\"center\"><span lang=\"es\">Podem ajudar-vos?<\/span><\/h2>\n[\/mk_fancy_title][mk_padding_divider size=&#8221;150&#8243;][\/vc_column][\/mk_page_section][mk_page_section vertical_align=&#8221;center&#8221; bg_image=&#8221;https:\/\/finestresemporda.cat\/wp-content\/uploads\/2022\/01\/banner-contacto.jpg&#8221; attachment=&#8221;fixed&#8221; bg_position=&#8221;center center&#8221; bg_repeat=&#8221;no-repeat&#8221; visibility=&#8221;hidden-sm&#8221; sidebar=&#8221;sidebar-1&#8243;][vc_column][mk_padding_divider size=&#8221;130&#8243;][vc_row_inner][vc_column_inner width=&#8221;1\/2&#8243;][mk_fancy_title strip_tags=&#8221;true&#8221; tag_name=&#8221;h1&#8243; color=&#8221;#ffffff&#8221; size=&#8221;70&#8243; font_weight=&#8221;bolder&#8221; margin_bottom=&#8221;0&#8243; font_family=&#8221;none&#8221; align=&#8221;center&#8221; responsive_align=&#8221;left&#8221;]\n<h2 style=\"text-align: center;\" align=\"center\"><span lang=\"es\">Podem ajudar-vos?<\/span><\/h2>\n[\/mk_fancy_title][mk_fancy_title strip_tags=&#8221;true&#8221; color=&#8221;#ffffff&#8221; size=&#8221;40&#8243; font_weight=&#8221;500&#8243; letter_spacing=&#8221;2&#8243; margin_bottom=&#8221;0&#8243; font_family=&#8221;Open+Sans&#8221; font_type=&#8221;google&#8221; align=&#8221;center&#8221; animation=&#8221;bottom-to-top&#8221;]Contacta&#8217;ns![\/mk_fancy_title][\/vc_column_inner][vc_column_inner width=&#8221;1\/2&#8243;][\/vc_column_inner][\/vc_row_inner][mk_padding_divider size=&#8221;130&#8243;][\/vc_column][\/mk_page_section][vc_row visibility=&#8221;hidden-sm&#8221;][vc_column][mk_padding_divider size=&#8221;100&#8243;][\/vc_column][\/vc_row][vc_row visibility=&#8221;hidden-sm&#8221;][vc_column width=&#8221;1\/2&#8243;][vc_gmaps link=&#8221;#E-8_JTNDaWZyYW1lJTIwc3JjJTNEJTIyaHR0cHMlM0ElMkYlMkZ3d3cuZ29vZ2xlLmNvbSUyRm1hcHMlMkZlbWJlZCUzRnBiJTNEJTIxMW0xNCUyMTFtOCUyMTFtMyUyMTFkMjA5NS41OTAwOTI4NjYzNjA1JTIxMmQzLjA3MDk2Mjk2OTI5ODc4NSUyMTNkNDIuMDMwMDU2NzUwMTY1NzMlMjEzbTIlMjExaTEwMjQlMjEyaTc2OCUyMTRmMTMuMSUyMTNtMyUyMTFtMiUyMTFzMHgwJTI1M0EweGYxYzU4YmY5OGQxMjRhJTIxMnNGaW5lc3RyZXMlMjUyMEVtcG9yZCUyNUMzJTI1QTAlMjE1ZTAlMjEzbTIlMjExc2VzJTIxMnNlcyUyMTR2MTY0MjY3NDI4MDQyNyUyMTVtMiUyMTFzZXMlMjEyc2VzJTIyJTIwd2lkdGglM0QlMjI2MDAlMjIlMjBoZWlnaHQlM0QlMjI0NTAlMjIlMjBzdHlsZSUzRCUyMmJvcmRlciUzQTAlM0IlMjIlMjBhbGxvd2Z1bGxzY3JlZW4lM0QlMjIlMjIlMjBsb2FkaW5nJTNEJTIybGF6eSUyMiUzRSUzQyUyRmlmcmFtZSUzRQ==&#8221;][\/vc_column][vc_column width=&#8221;1\/2&#8243;][mk_fancy_title tag_name=&#8221;span&#8221; color=&#8221;#020202&#8243; size=&#8221;20&#8243; font_weight=&#8221;400&#8243; margin_bottom=&#8221;0&#8243; font_family=&#8221;none&#8221; align=&#8221;center&#8221; responsive_align=&#8221;left&#8221;]Si desitja que us ajudem a triar qualsevol producte, necessita m\u00e9s informaci\u00f3 sobre algun d&#8217;ells o vol sol\u00b7licitar una cita pr\u00e8via, podeu posar-vos en contacte amb nosaltres.[\/mk_fancy_title][mk_fancy_title tag_name=&#8221;span&#8221; color=&#8221;#020202&#8243; size=&#8221;20&#8243; font_weight=&#8221;400&#8243; margin_bottom=&#8221;0&#8243; font_family=&#8221;none&#8221; align=&#8221;center&#8221; responsive_align=&#8221;left&#8221;]Des de Finestres Empord\u00e0 estarem encantats d&#8217;ajudar-vos i facilitar-vos tot el que necessiteu perqu\u00e8 trieu el millor<strong> producte de fusteria a la Costa Brava.<\/strong>[\/mk_fancy_title][mk_fancy_title tag_name=&#8221;span&#8221; color=&#8221;#020202&#8243; size=&#8221;20&#8243; font_weight=&#8221;400&#8243; margin_bottom=&#8221;0&#8243; font_family=&#8221;none&#8221; align=&#8221;center&#8221; responsive_align=&#8221;left&#8221;]Com sabeu, comptem amb <strong>finestres, portes d&#8217;entrada , verandes i mallorquines de la marca Finstral<\/strong> per oferir-vos un producte resistents i durador. A m\u00e9s a m\u00e9s, tamb\u00e9 podeu adquirir altres elements com mosquiteres, porticons o persianes a la nostra botiga.[\/mk_fancy_title][mk_fancy_title tag_name=&#8221;span&#8221; color=&#8221;#020202&#8243; size=&#8221;20&#8243; font_weight=&#8221;400&#8243; margin_bottom=&#8221;0&#8243; font_family=&#8221;none&#8221; align=&#8221;center&#8221; responsive_align=&#8221;left&#8221;]Visiteu-nos a les nostres <strong>instal\u00b7lacions al Baix Empord\u00e0, concretament a la Serra de Dar\u00f3. <\/strong>Sens dubte, estem preparats per atendre-us de forma personalitzada. O, si ho preferiu, <strong>envieu-nos un correu electr\u00f2nic o truqueu-nos al tel\u00e8fon<\/strong>. Us atendrem amb la major brevetat possible.[\/mk_fancy_title][\/vc_column][\/vc_row][vc_row visibility=&#8221;visible-sm&#8221;][vc_column][mk_padding_divider size=&#8221;30&#8243;][vc_gmaps link=&#8221;#E-8_JTNDaWZyYW1lJTIwc3JjJTNEJTIyaHR0cHMlM0ElMkYlMkZ3d3cuZ29vZ2xlLmNvbSUyRm1hcHMlMkZlbWJlZCUzRnBiJTNEJTIxMW0xNCUyMTFtOCUyMTFtMyUyMTFkMjA5NS41OTAwOTI4NjYzNjA1JTIxMmQzLjA3MDk2Mjk2OTI5ODc4NSUyMTNkNDIuMDMwMDU2NzUwMTY1NzMlMjEzbTIlMjExaTEwMjQlMjEyaTc2OCUyMTRmMTMuMSUyMTNtMyUyMTFtMiUyMTFzMHgwJTI1M0EweGYxYzU4YmY5OGQxMjRhJTIxMnNGaW5lc3RyZXMlMjUyMEVtcG9yZCUyNUMzJTI1QTAlMjE1ZTAlMjEzbTIlMjExc2VzJTIxMnNlcyUyMTR2MTY0MjY3NDI4MDQyNyUyMTVtMiUyMTFzZXMlMjEyc2VzJTIyJTIwd2lkdGglM0QlMjI2MDAlMjIlMjBoZWlnaHQlM0QlMjI0NTAlMjIlMjBzdHlsZSUzRCUyMmJvcmRlciUzQTAlM0IlMjIlMjBhbGxvd2Z1bGxzY3JlZW4lM0QlMjIlMjIlMjBsb2FkaW5nJTNEJTIybGF6eSUyMiUzRSUzQyUyRmlmcmFtZSUzRQ==&#8221;][mk_padding_divider size=&#8221;30&#8243;][mk_fancy_title tag_name=&#8221;span&#8221; color=&#8221;#020202&#8243; size=&#8221;20&#8243; font_weight=&#8221;400&#8243; margin_bottom=&#8221;0&#8243; font_family=&#8221;none&#8221; align=&#8221;center&#8221;]Si desitja que us ajudem a triar qualsevol producte, necessita m\u00e9s informaci\u00f3 sobre algun d&#8217;ells o vol sol\u00b7licitar una cita pr\u00e8via, podeu posar-vos en contacte amb nosaltres.[\/mk_fancy_title][mk_padding_divider size=&#8221;30&#8243;][mk_fancy_title tag_name=&#8221;span&#8221; color=&#8221;#020202&#8243; size=&#8221;20&#8243; font_weight=&#8221;400&#8243; margin_bottom=&#8221;0&#8243; font_family=&#8221;none&#8221; align=&#8221;center&#8221;]Des de Finestres Empord\u00e0 estarem encantats d&#8217;ajudar-vos i facilitar-vos tot el que necessiteu perqu\u00e8 trieu el millor<strong> producte de fusteria a la Costa Brava.<\/strong>[\/mk_fancy_title][mk_padding_divider size=&#8221;30&#8243;][mk_fancy_title tag_name=&#8221;span&#8221; color=&#8221;#020202&#8243; size=&#8221;20&#8243; font_weight=&#8221;400&#8243; margin_bottom=&#8221;0&#8243; font_family=&#8221;none&#8221; align=&#8221;center&#8221;]Com sabeu, comptem amb <strong>finestres, portes d&#8217;entrada , verandes i mallorquines de la marca Finstral<\/strong> per oferir-vos un producte resistents i durador. A m\u00e9s a m\u00e9s, tamb\u00e9 podeu adquirir altres elements com mosquiteres, porticons o persianes a la nostra botiga.[\/mk_fancy_title][mk_padding_divider size=&#8221;30&#8243;][mk_fancy_title tag_name=&#8221;span&#8221; color=&#8221;#020202&#8243; size=&#8221;20&#8243; font_weight=&#8221;400&#8243; margin_bottom=&#8221;0&#8243; font_family=&#8221;none&#8221; align=&#8221;center&#8221;]Visiteu-nos a les nostres <strong>instal\u00b7lacions al Baix Empord\u00e0, concretament a la Serra de Dar\u00f3. <\/strong>Sens dubte, estem preparats per atendre-us de forma personalitzada. O, si ho preferiu, <strong>envieu-nos un correu electr\u00f2nic o truqueu-nos al tel\u00e8fon<\/strong>. Us atendrem amb la major brevetat possible.[\/mk_fancy_title][\/vc_column][\/vc_row][vc_row visibility=&#8221;hidden-sm&#8221;][vc_column width=&#8221;5\/12&#8243;][vc_row_inner css=&#8221;.vc_custom_1639740278273{padding-top: 40px !important;padding-right: 40px !important;padding-bottom: 40px !important;padding-left: 40px !important;}&#8221;][vc_column_inner css=&#8221;.vc_custom_1640267914610{padding-left: 50px !important;background-color: #0a0a0a !important;}&#8221;][mk_fancy_title strip_tags=&#8221;true&#8221; tag_name=&#8221;span&#8221; color=&#8221;#ffffff&#8221; size=&#8221;18&#8243; font_weight=&#8221;bold&#8221; txt_transform=&#8221;capitalize&#8221; margin_bottom=&#8221;0&#8243; font_family=&#8221;none&#8221;]Finstral Studio[\/mk_fancy_title][mk_fancy_title tag_name=&#8221;span&#8221; color=&#8221;#ffffff&#8221; size=&#8221;16&#8243; line_height=&#8221;160&#8243; font_weight=&#8221;400&#8243; font_family=&#8221;none&#8221;]<span style=\"color: #ffffff;\"><b>Ctra. Torroella, 12<\/b><\/span><\/p>\n<p><span style=\"color: #ffffff;\"><b>17133 Serra de Dar\u00f3<\/b><\/span><\/p>\n<p><span style=\"color: #ffffff;\"><b>Tel\u00e9fono:\u00a0972 758 121<\/b><\/span><\/p>\n<p><span style=\"color: #ffffff;\"><b>Email: montse@finestresemporda.cat<\/b><\/span>[\/mk_fancy_title][mk_fancy_title strip_tags=&#8221;true&#8221; tag_name=&#8221;span&#8221; color=&#8221;#ffffff&#8221; size=&#8221;18&#8243; font_weight=&#8221;bold&#8221; txt_transform=&#8221;capitalize&#8221; margin_bottom=&#8221;0&#8243; font_family=&#8221;none&#8221;]Horari[\/mk_fancy_title][mk_fancy_title tag_name=&#8221;span&#8221; color=&#8221;#ffffff&#8221; size=&#8221;16&#8243; line_height=&#8221;160&#8243; font_weight=&#8221;400&#8243; font_family=&#8221;none&#8221;]\n<p style=\"text-align: left;\"><span style=\"color: #ffffff;\">Lunes a viernes:<\/span><br \/>\n<span style=\"color: #ffffff;\">07:00 a 15:00<\/span><\/p>\n<p style=\"text-align: left;\"><span style=\"color: #ffffff;\">Fuera de horario:<\/span><br \/>\n<span style=\"color: #ffffff;\">Con cita previa<\/span><\/p>\n[\/mk_fancy_title][\/vc_column_inner][\/vc_row_inner][\/vc_column][vc_column width=&#8221;1\/12&#8243;][\/vc_column][vc_column width=&#8221;6\/12&#8243;][mk_padding_divider size=&#8221;30&#8243;]\n<div class=\"wpcf7 no-js\" id=\"wpcf7-f12176-o1\" lang=\"es-ES\" dir=\"ltr\" data-wpcf7-id=\"12176\">\n<div class=\"screen-reader-response\"><p role=\"status\" aria-live=\"polite\" aria-atomic=\"true\"><\/p> <ul><\/ul><\/div>\n<form action=\"\/ca\/wp-json\/wp\/v2\/pages\/17444#wpcf7-f12176-o1\" method=\"post\" class=\"wpcf7-form init\" aria-label=\"Formulario de contacto\" novalidate=\"novalidate\" data-status=\"init\">\n<fieldset class=\"hidden-fields-container\"><input type=\"hidden\" name=\"_wpcf7\" value=\"12176\" \/><input type=\"hidden\" name=\"_wpcf7_version\" value=\"6.1.4\" \/><input type=\"hidden\" name=\"_wpcf7_locale\" value=\"es_ES\" \/><input type=\"hidden\" name=\"_wpcf7_unit_tag\" value=\"wpcf7-f12176-o1\" \/><input type=\"hidden\" name=\"_wpcf7_container_post\" value=\"0\" \/><input type=\"hidden\" name=\"_wpcf7_posted_data_hash\" value=\"\" \/>\n<\/fieldset>\n<div style=\"text-align:center;\">\n\t<p class=\"double\" style=\"text-align:center\"><span class=\"wpcf7-form-control-wrap\" data-name=\"your-name\"><input size=\"40\" maxlength=\"400\" class=\"wpcf7-form-control wpcf7-text wpcf7-validates-as-required\" aria-required=\"true\" aria-invalid=\"false\" placeholder=\"NOMBRE Y APELLIDOS*\" value=\"\" type=\"text\" name=\"your-name\" \/><\/span><span class=\"wpcf7-form-control-wrap\" data-name=\"your-email\"><input size=\"40\" maxlength=\"400\" class=\"wpcf7-form-control wpcf7-email wpcf7-validates-as-required wpcf7-text wpcf7-validates-as-email\" aria-required=\"true\" aria-invalid=\"false\" placeholder=\"EMAIL*\" value=\"\" type=\"email\" name=\"your-email\" \/><\/span>\n\t<\/p>\n\t<p class=\"double\" style=\"text-align:center\"><span class=\"wpcf7-form-control-wrap\" data-name=\"your-telefono\"><input size=\"40\" maxlength=\"400\" class=\"wpcf7-form-control wpcf7-text wpcf7-validates-as-required\" aria-required=\"true\" aria-invalid=\"false\" placeholder=\"TEL\u00c9FONO*\" value=\"\" type=\"text\" name=\"your-telefono\" \/><\/span><span class=\"wpcf7-form-control-wrap\" data-name=\"your-asunto\"><input size=\"40\" maxlength=\"400\" class=\"wpcf7-form-control wpcf7-text wpcf7-validates-as-required\" aria-required=\"true\" aria-invalid=\"false\" placeholder=\"ASUNTO*\" value=\"\" type=\"text\" name=\"your-asunto\" \/><\/span>\n\t<\/p>\n\t<p class=\"full\" style=\"text-align:center\"><span class=\"wpcf7-form-control-wrap\" data-name=\"your-message\"><textarea cols=\"60\" rows=\"10\" maxlength=\"2000\" class=\"wpcf7-form-control wpcf7-textarea\" aria-invalid=\"false\" placeholder=\"MENSAJE\" name=\"your-message\"><\/textarea><\/span>\n\t<\/p>\n\t<p class=\"quiz\"><span class=\"wpcf7-form-control-wrap\" data-name=\"quiz-734\"><label><span class=\"wpcf7-quiz-label\">Resuelve: 5+5<\/span> <input size=\"40\" class=\"wpcf7-form-control wpcf7-quiz\" autocomplete=\"off\" aria-required=\"true\" aria-invalid=\"false\" type=\"text\" name=\"quiz-734\" \/><\/label><input type=\"hidden\" name=\"_wpcf7_quiz_answer_quiz-734\" value=\"5b6076d7fa7c19e465e5cff564ad1644\" \/><\/span>\n\t<\/p>\n\t<p  style=\"text-align:center; color:#C3C3C3\";><span class=\"wpcf7-form-control-wrap\" data-name=\"acceptance-865\"><span class=\"wpcf7-form-control wpcf7-acceptance\"><span class=\"wpcf7-list-item\"><input type=\"checkbox\" name=\"acceptance-865\" value=\"1\" aria-invalid=\"false\" \/><\/span><\/span><\/span> Consentimiento de respuesta por parte del interesado a la consulta planteada en el formulario web a trav\u00e9s del correo electr\u00f3nico facilitado: Gesti\u00f3n y contacto con usuarios.\n\t<\/p>\n\t<p>La Lectura y Aceptaci\u00f3n de nuestra <a href=\"\/politica-de-privacidad\/\">Pol\u00edtica de Privacidad, <\/a>nos estar\u00e1 indicando que entiende, acepta y autoriza las cl\u00e1usulas especificadas para la recogida, almacenamiento y el tratamiento de sus datos personales, sobre el resto de finalidades existentes, que carezcan de su consentimiento.\n\t<\/p>\n<\/div>\n<p style=\"text-align:center\"><input class=\"wpcf7-form-control wpcf7-submit has-spinner\" type=\"submit\" value=\"ENVIAR\" \/>\n<\/p>\n<div class=\"wpcf7-response-output\" aria-hidden=\"true\"><\/div>\n<\/form>\n<\/div>\n[\/vc_column][\/vc_row][vc_row visibility=&#8221;visible-sm&#8221;][vc_column width=&#8221;5\/12&#8243;][vc_row_inner css=&#8221;.vc_custom_1639740278273{padding-top: 40px !important;padding-right: 40px !important;padding-bottom: 40px !important;padding-left: 40px !important;}&#8221;][vc_column_inner css=&#8221;.vc_custom_1640268034213{background-color: #0a0a0a !important;}&#8221;][mk_fancy_title strip_tags=&#8221;true&#8221; tag_name=&#8221;span&#8221; color=&#8221;#ffffff&#8221; size=&#8221;18&#8243; font_weight=&#8221;bold&#8221; txt_transform=&#8221;capitalize&#8221; margin_bottom=&#8221;0&#8243; font_family=&#8221;none&#8221;]Finstral Studio[\/mk_fancy_title][mk_fancy_title tag_name=&#8221;span&#8221; color=&#8221;#ffffff&#8221; size=&#8221;16&#8243; line_height=&#8221;160&#8243; font_weight=&#8221;400&#8243; font_family=&#8221;none&#8221;]<span style=\"color: #ffffff;\"><b>Ctra. Torroella, 12<\/b><\/span><\/p>\n<p><span style=\"color: #ffffff;\"><b>17133 Serra de Dar\u00f3<\/b><\/span><\/p>\n<p><span style=\"color: #ffffff;\"><b>Tel\u00e9fono:\u00a0972 758 121<\/b><\/span><\/p>\n<p><span style=\"color: #ffffff;\"><b>Email: montse@finestresemporda.cat<\/b><\/span>[\/mk_fancy_title][mk_fancy_title strip_tags=&#8221;true&#8221; tag_name=&#8221;span&#8221; color=&#8221;#ffffff&#8221; size=&#8221;18&#8243; font_weight=&#8221;bold&#8221; txt_transform=&#8221;capitalize&#8221; margin_bottom=&#8221;0&#8243; font_family=&#8221;none&#8221;]Horari[\/mk_fancy_title][mk_fancy_title tag_name=&#8221;span&#8221; color=&#8221;#ffffff&#8221; size=&#8221;16&#8243; line_height=&#8221;160&#8243; font_weight=&#8221;400&#8243; font_family=&#8221;none&#8221;]\n<p style=\"text-align: center;\"><span style=\"color: #ffffff;\">Lunes a viernes:<\/span><br \/>\n<span style=\"color: #ffffff;\">08:00 a 15:00<\/span><\/p>\n<p style=\"text-align: center;\"><span style=\"color: #ffffff;\">Fuera de horario:<\/span><br \/>\n<span style=\"color: #ffffff;\">Con cita previa<\/span><\/p>\n[\/mk_fancy_title][\/vc_column_inner][\/vc_row_inner][\/vc_column][vc_column width=&#8221;1\/12&#8243;][\/vc_column][vc_column width=&#8221;6\/12&#8243;][mk_padding_divider size=&#8221;30&#8243;]\n<div class=\"wpcf7 no-js\" id=\"wpcf7-f12176-o2\" lang=\"es-ES\" dir=\"ltr\" data-wpcf7-id=\"12176\">\n<div class=\"screen-reader-response\"><p role=\"status\" aria-live=\"polite\" aria-atomic=\"true\"><\/p> <ul><\/ul><\/div>\n<form action=\"\/ca\/wp-json\/wp\/v2\/pages\/17444#wpcf7-f12176-o2\" method=\"post\" class=\"wpcf7-form init\" aria-label=\"Formulario de contacto\" novalidate=\"novalidate\" data-status=\"init\">\n<fieldset class=\"hidden-fields-container\"><input type=\"hidden\" name=\"_wpcf7\" value=\"12176\" \/><input type=\"hidden\" name=\"_wpcf7_version\" value=\"6.1.4\" \/><input type=\"hidden\" name=\"_wpcf7_locale\" value=\"es_ES\" \/><input type=\"hidden\" name=\"_wpcf7_unit_tag\" value=\"wpcf7-f12176-o2\" \/><input type=\"hidden\" name=\"_wpcf7_container_post\" value=\"0\" \/><input type=\"hidden\" name=\"_wpcf7_posted_data_hash\" value=\"\" \/>\n<\/fieldset>\n<div style=\"text-align:center;\">\n\t<p class=\"double\" style=\"text-align:center\"><span class=\"wpcf7-form-control-wrap\" data-name=\"your-name\"><input size=\"40\" maxlength=\"400\" class=\"wpcf7-form-control wpcf7-text wpcf7-validates-as-required\" aria-required=\"true\" aria-invalid=\"false\" placeholder=\"NOMBRE Y APELLIDOS*\" value=\"\" type=\"text\" name=\"your-name\" \/><\/span><span class=\"wpcf7-form-control-wrap\" data-name=\"your-email\"><input size=\"40\" maxlength=\"400\" class=\"wpcf7-form-control wpcf7-email wpcf7-validates-as-required wpcf7-text wpcf7-validates-as-email\" aria-required=\"true\" aria-invalid=\"false\" placeholder=\"EMAIL*\" value=\"\" type=\"email\" name=\"your-email\" \/><\/span>\n\t<\/p>\n\t<p class=\"double\" style=\"text-align:center\"><span class=\"wpcf7-form-control-wrap\" data-name=\"your-telefono\"><input size=\"40\" maxlength=\"400\" class=\"wpcf7-form-control wpcf7-text wpcf7-validates-as-required\" aria-required=\"true\" aria-invalid=\"false\" placeholder=\"TEL\u00c9FONO*\" value=\"\" type=\"text\" name=\"your-telefono\" \/><\/span><span class=\"wpcf7-form-control-wrap\" data-name=\"your-asunto\"><input size=\"40\" maxlength=\"400\" class=\"wpcf7-form-control wpcf7-text wpcf7-validates-as-required\" aria-required=\"true\" aria-invalid=\"false\" placeholder=\"ASUNTO*\" value=\"\" type=\"text\" name=\"your-asunto\" \/><\/span>\n\t<\/p>\n\t<p class=\"full\" style=\"text-align:center\"><span class=\"wpcf7-form-control-wrap\" data-name=\"your-message\"><textarea cols=\"60\" rows=\"10\" maxlength=\"2000\" class=\"wpcf7-form-control wpcf7-textarea\" aria-invalid=\"false\" placeholder=\"MENSAJE\" name=\"your-message\"><\/textarea><\/span>\n\t<\/p>\n\t<p class=\"quiz\"><span class=\"wpcf7-form-control-wrap\" data-name=\"quiz-734\"><label><span class=\"wpcf7-quiz-label\">Resuelve: 2+2<\/span> <input size=\"40\" class=\"wpcf7-form-control wpcf7-quiz\" autocomplete=\"off\" aria-required=\"true\" aria-invalid=\"false\" type=\"text\" name=\"quiz-734\" \/><\/label><input type=\"hidden\" name=\"_wpcf7_quiz_answer_quiz-734\" value=\"8e68a682549655d5c09335dc8c79e638\" \/><\/span>\n\t<\/p>\n\t<p  style=\"text-align:center; color:#C3C3C3\";><span class=\"wpcf7-form-control-wrap\" data-name=\"acceptance-865\"><span class=\"wpcf7-form-control wpcf7-acceptance\"><span class=\"wpcf7-list-item\"><input type=\"checkbox\" name=\"acceptance-865\" value=\"1\" aria-invalid=\"false\" \/><\/span><\/span><\/span> Consentimiento de respuesta por parte del interesado a la consulta planteada en el formulario web a trav\u00e9s del correo electr\u00f3nico facilitado: Gesti\u00f3n y contacto con usuarios.\n\t<\/p>\n\t<p>La Lectura y Aceptaci\u00f3n de nuestra <a href=\"\/politica-de-privacidad\/\">Pol\u00edtica de Privacidad, <\/a>nos estar\u00e1 indicando que entiende, acepta y autoriza las cl\u00e1usulas especificadas para la recogida, almacenamiento y el tratamiento de sus datos personales, sobre el resto de finalidades existentes, que carezcan de su consentimiento.\n\t<\/p>\n<\/div>\n<p style=\"text-align:center\"><input class=\"wpcf7-form-control wpcf7-submit has-spinner\" type=\"submit\" value=\"ENVIAR\" \/>\n<\/p>\n<div class=\"wpcf7-response-output\" aria-hidden=\"true\"><\/div>\n<\/form>\n<\/div>\n[\/vc_column][\/vc_row][vc_row visibility=&#8221;visible-sm&#8221; css=&#8221;.vc_custom_1640268220453{padding-right: 20px !important;padding-left: 20px !important;}&#8221;][vc_column][mk_padding_divider size=&#8221;90&#8243;][mk_fancy_title tag_name=&#8221;span&#8221; color=&#8221;#020202&#8243; size=&#8221;20&#8243; font_weight=&#8221;400&#8243; margin_bottom=&#8221;0&#8243; font_family=&#8221;none&#8221; align=&#8221;center&#8221;]<span style=\"font-weight: 400;\">Adem\u00e1s, puede visitarnos en El Pont de Suert y Vielha, donde le atenderemos de forma personalizada y detallada.<br \/>\n<\/span>[\/mk_fancy_title][\/vc_column][\/vc_row][vc_row fullwidth=&#8221;true&#8221;][vc_column][mk_padding_divider size=&#8221;90&#8243;][mk_padding_divider size=&#8221;90&#8243;][\/vc_column][\/vc_row]\n","protected":false},"excerpt":{"rendered":"<p>[mk_page_section vertical_align=&#8221;top&#8221; bg_image=&#8221;https:\/\/finestresemporda.cat\/wp-content\/uploads\/2022\/01\/banner-contacto.jpg&#8221; attachment=&#8221;fixed&#8221; bg_position=&#8221;center center&#8221; bg_repeat=&#8221;no-repeat&#8221; min_height=&#8221;203&#8243; full_width=&#8221;true&#8221; js_vertical_centered=&#8221;true&#8221; visibility=&#8221;visible-sm&#8221; sidebar=&#8221;sidebar-1&#8243;][vc_column][mk_padding_divider size=&#8221;150&#8243;][mk_fancy_title strip_tags=&#8221;true&#8221; tag_name=&#8221;h1&#8243; color=&#8221;#ffffff&#8221; size=&#8221;40&#8243; line_height=&#8221;150&#8243; font_weight=&#8221;bolder&#8221; font_style=&#8221;normal&#8221; letter_spacing=&#8221;1&#8243; margin_bottom=&#8221;0&#8243; font_family=&#8221;none&#8221; align=&#8221;center&#8221; animation=&#8221;scale-up&#8221; visibility=&#8221;visible-sm&#8221;] Podem ajudar-vos? [\/mk_fancy_title][mk_padding_divider size=&#8221;150&#8243;][\/vc_column][\/mk_page_section][mk_page_section vertical_align=&#8221;center&#8221; bg_image=&#8221;https:\/\/finestresemporda.cat\/wp-content\/uploads\/2022\/01\/banner-contacto.jpg&#8221; attachment=&#8221;fixed&#8221; bg_position=&#8221;center center&#8221; bg_repeat=&#8221;no-repeat&#8221; visibility=&#8221;hidden-sm&#8221; sidebar=&#8221;sidebar-1&#8243;][vc_column][mk_padding_divider size=&#8221;130&#8243;][vc_row_inner][vc_column_inner width=&#8221;1\/2&#8243;][mk_fancy_title strip_tags=&#8221;true&#8221; tag_name=&#8221;h1&#8243; color=&#8221;#ffffff&#8221; size=&#8221;70&#8243; font_weight=&#8221;bolder&#8221; margin_bottom=&#8221;0&#8243; font_family=&#8221;none&#8221; align=&#8221;center&#8221; responsive_align=&#8221;left&#8221;] Podem ajudar-vos? [\/mk_fancy_title][mk_fancy_title strip_tags=&#8221;true&#8221; color=&#8221;#ffffff&#8221; size=&#8221;40&#8243; [&hellip;]<\/p>\n","protected":false},"author":8,"featured_media":0,"parent":0,"menu_order":7,"comment_status":"closed","ping_status":"closed","template":"","meta":{"_monsterinsights_skip_tracking":false,"_monsterinsights_sitenote_active":false,"_monsterinsights_sitenote_note":"","_monsterinsights_sitenote_category":0,"footnotes":""},"class_list":["post-17444","page","type-page","status-publish","hentry"],"aioseo_notices":[],"_links":{"self":[{"href":"https:\/\/finestresemporda.cat\/ca\/wp-json\/wp\/v2\/pages\/17444","targetHints":{"allow":["GET"]}}],"collection":[{"href":"https:\/\/finestresemporda.cat\/ca\/wp-json\/wp\/v2\/pages"}],"about":[{"href":"https:\/\/finestresemporda.cat\/ca\/wp-json\/wp\/v2\/types\/page"}],"author":[{"embeddable":true,"href":"https:\/\/finestresemporda.cat\/ca\/wp-json\/wp\/v2\/users\/8"}],"replies":[{"embeddable":true,"href":"https:\/\/finestresemporda.cat\/ca\/wp-json\/wp\/v2\/comments?post=17444"}],"version-history":[{"count":6,"href":"https:\/\/finestresemporda.cat\/ca\/wp-json\/wp\/v2\/pages\/17444\/revisions"}],"predecessor-version":[{"id":17587,"href":"https:\/\/finestresemporda.cat\/ca\/wp-json\/wp\/v2\/pages\/17444\/revisions\/17587"}],"wp:attachment":[{"href":"https:\/\/finestresemporda.cat\/ca\/wp-json\/wp\/v2\/media?parent=17444"}],"curies":[{"name":"wp","href":"https:\/\/api.w.org\/{rel}","templated":true}]}}