{"id":17454,"date":"2019-07-25T10:27:41","date_gmt":"2019-07-25T08:27:41","guid":{"rendered":"https:\/\/finestresemporda.cat\/politica-de-privacidad\/"},"modified":"2025-11-19T10:50:09","modified_gmt":"2025-11-19T09:50:09","slug":"politica-de-privacidad","status":"publish","type":"page","link":"https:\/\/finestresemporda.cat\/ca\/politica-de-privacidad\/","title":{"rendered":"Pol\u00edtica de privacidad"},"content":{"rendered":"[mk_page_section bg_color=&#8221;#cccccc&#8221; sidebar=&#8221;sidebar-1&#8243;][vc_column][mk_padding_divider][mk_fancy_title tag_name=&#8221;h4&#8243; size=&#8221;25&#8243; font_family=&#8221;none&#8221;]Pol\u00edtica de Privacidad[\/mk_fancy_title][\/vc_column][\/mk_page_section][vc_row][vc_column][mk_padding_divider][mk_fancy_title font_family=&#8221;none&#8221;]\n<div class=\"input-icon-text input-group col-xs-12 col-sm-12 pull-left \" style=\"padding: 20px;\">\n<h4>Informacion sobre Protecci\u00f3n de Datos<\/h4>\n<ol>\n<li style=\"list-style-type: none;\">\n<ol>\n<li><strong>Datos relativos al Responsable<\/strong><\/li>\n<\/ol>\n<\/li>\n<\/ol>\n<p><b>Responsable Tratamiento<\/b><br \/>\n&#8211; Entidad: FINESTRES EMPORDA SCCL<br \/>\n&#8211; CIF de la entidad: F55182174<br \/>\n&#8211; Direccion de la entidad: CTRA TORROELLA, 12 &#8211; (17133) SERRA DE DARO<br \/>\n&#8211; Email de la entidad: INFO@FINESTRESEMPORDA.CAT<br \/>\n<!-- Francesc->Cambio realizado el 17\/05\/2023->Nuria ha dicho que el responsable del tratamiento es el responsable legal de la empresa y no el responsable de seguridad que aparece en la ficha del cliente\n&nbsp;&nbsp;- Responsable del tratamiento : MONTSERRAT VALENTI CANAL\n&nbsp;&nbsp;- Tel\u00e9fono del Responsable del tratamiento :\n&nbsp;&nbsp;- Direcci\u00f3n email del Responsable del tratamiento : MONTSE@FINESTRESEMPORDA.CAT\n--><br \/>\n&#8211; Responsable del tratamiento : JOSEP ANTONI VILARROYA MONROS<br \/>\n&#8211; Tel\u00e9fono del Responsable del tratamiento : 972758121<br \/>\n&#8211; Direcci\u00f3n email del Responsable del tratamiento : INFO@FINESTRESEMPORDA.CAT<\/p>\n<p>&nbsp;<\/p>\n<ol>\n<li style=\"list-style-type: none;\">\n<ol>\n<li><strong>Finalidades<\/strong><\/li>\n<\/ol>\n<\/li>\n<\/ol>\n<p>&nbsp;<\/p>\n<p>En cumplimiento de lo dispuesto en el Reglamento Europeo 2016\/679 General de Protecci\u00f3n de Datos y la Ley Org\u00e1nica 3\/2018 de Protecci\u00f3n de Datos Personales y Garant\u00eda de Derechos Digitales, le informamos de que, dependiendo de la relaci\u00f3n que tenga con nosotros, en <strong>FINESTRES EMPORDA SCCL<\/strong> tratamos los datos que nos facilita para alguna, o todas, las siguientes finalidades:<\/p>\n<ol>\n<li style=\"list-style-type: none;\">\n<ol>\n<li style=\"list-style-type: none;\">\n<ul>\n<li>Consulta online<\/li>\n<\/ul>\n<\/li>\n<\/ol>\n<\/li>\n<\/ol>\n<p>&nbsp;<\/p>\n<ol>\n<li style=\"list-style-type: none;\">\n<ol>\n<li><strong>Plazo de conservaci\u00f3n de los datos<\/strong><\/li>\n<\/ol>\n<\/li>\n<\/ol>\n<p>&nbsp;<\/p>\n<p><!-- Sus datos ser\u00e1n conservados mientras dure la relaci\u00f3n contractual, comercial o de otro tipo con nuestra entidad, solicite su supresi\u00f3n, as\u00ed como el tiempo necesario para cumplir las obligaciones legales. --><br \/>\n<!-- Sus datos ser\u00e1n conservados en un tiempo indefinido, comercial o de otro tipo con nuestra entidad, solicite su supresi\u00f3n, as\u00ed mismo los datos ser\u00e1n almacenados el tiempo necesario para cumplir las obligaciones legales. --><\/p>\n<p>Sus datos ser\u00e1n conservados por un plazo de indefinido. En el caso que requiera su eliminaci\u00f3n de forma anticipada, solic\u00edtelo mediante el ejercicio del derecho de supresi\u00f3n.<br \/>\nAs\u00ed mismo, los datos que por motivos legales deban ser almacenados durante un tiempo necesario para cumplir normas espec\u00edficas, ser\u00e1n bloqueados y \u00fanicamente estar\u00e1n a disposici\u00f3n de la autoridad p\u00fablica correspondiente.<\/p>\n<p>&nbsp;<\/p>\n<ol>\n<li style=\"list-style-type: none;\">\n<ol>\n<li><strong>Legitimaci\u00f3n<\/strong><\/li>\n<\/ol>\n<\/li>\n<\/ol>\n<p>&nbsp;<\/p>\n<p>La base legal para el tratamiento de tus datos radica por:<\/p>\n<ol>\n<li style=\"list-style-type: none;\">\n<ol>\n<li style=\"list-style-type: none;\">\n<ul>\n<li>Consentimiento inequ\u00edvoco<\/li>\n<\/ul>\n<\/li>\n<\/ol>\n<\/li>\n<\/ol>\n<p>&nbsp;<\/p>\n<ol>\n<li style=\"list-style-type: none;\">\n<ol>\n<li><strong>Destinatarios<\/strong><\/li>\n<\/ol>\n<\/li>\n<\/ol>\n<p>&nbsp;<\/p>\n<p>Sus datos personales ser\u00e1n comunicados a terceros en los siguientes supuestos:<\/p>\n<ol>\n<li style=\"list-style-type: none;\">\n<ol>\n<li style=\"list-style-type: none;\">\n<ul>\n<li>No comparto los datos con terceros.<\/li>\n<\/ul>\n<\/li>\n<\/ol>\n<\/li>\n<\/ol>\n<p>&nbsp;<\/p>\n<ol>\n<li style=\"list-style-type: none;\">\n<ol>\n<li><strong>Derechos<\/strong><\/li>\n<\/ol>\n<\/li>\n<\/ol>\n<p>&nbsp;<\/p>\n<p>Tiene derecho a obtener confirmaci\u00f3n sobre si en <strong>FINESTRES EMPORDA SCCL<\/strong> estamos tratando datos personales que le conciernan, o no.<\/p>\n<p>Asimismo, tiene derecho de acceso a sus datos personales, as\u00ed como a solicitar la <em>rectificaci\u00f3n<\/em> de los datos inexactos o, en su caso, solicitar su <em>supresi\u00f3n<\/em> cuando, entre otros motivos, los datos ya no sean necesarios para los fines que fueron recogidos.<\/p>\n<p>En determinadas circunstancias, podr\u00e1 solicitar la <em>limitaci\u00f3n del tratamiento<\/em> de sus datos, en cuyo caso \u00fanicamente los conservaremos para el ejercicio o la defensa de reclamaciones.<\/p>\n<p>Adicionalmente, en determinadas circunstancias y por motivos relacionados con tu situaci\u00f3n particular, podr\u00e1 ejercer el derecho de <em>oposici\u00f3n<\/em> al tratamiento de sus datos. <strong>FINESTRES EMPORDA SCCL<\/strong> dejar\u00e1 de tratar los datos, salvo por motivos leg\u00edtimos imperiosos, o el ejercicio o la defensa de posibles reclamaciones.<\/p>\n<p>Asimismo, puede ejercer el derecho a la <em>portabilidad<\/em> de los datos, as\u00ed como retirar los consentimientos facilitados en cualquier momento, sin que ello afecte a la licitud del tratamiento basado en el consentimiento previo a su retirada.<\/p>\n<p>Si desea hacer uso de cualquiera de tus derechos puede realizarlos a trav\u00e9s de los enlaces habilitados que encontrar\u00e1 a continuaci\u00f3n:<\/p>\n<ol>\n<li style=\"list-style-type: none;\">\n<ol>\n<li style=\"list-style-type: none;\">\n<ul>\n<li>Para ejercer su derecho de <strong>Acceso<\/strong> haga clic <a href=\"https:\/\/intranet.laboralrgpd.com\/webApp\/clientes_derechos\/derechos-formulario.php?id_cliente=RnFrNjlsSTVRS1M0S21XZFQ1THpMdz09\" target=\"_blank\" rel=\"noopener\">aqu\u00ed<\/a><\/li>\n<li>Para ejercer su derecho de <strong>Rectificaci\u00f3n<\/strong> haga clic <a href=\"https:\/\/intranet.laboralrgpd.com\/webApp\/clientes_derechos\/derechos-formulario.php?id_cliente=RnFrNjlsSTVRS1M0S21XZFQ1THpMdz09\" target=\"_blank\" rel=\"noopener\">aqu\u00ed<\/a><\/li>\n<li>Para ejercer su derecho de <strong>Supresi\u00f3n (Olvido)<\/strong> haga clic <a href=\"https:\/\/intranet.laboralrgpd.com\/webApp\/clientes_derechos\/derechos-formulario.php?id_cliente=RnFrNjlsSTVRS1M0S21XZFQ1THpMdz09\" target=\"_blank\" rel=\"noopener\">aqu\u00ed<\/a><\/li>\n<li>Para ejercer su derecho de <strong>Limitaci\u00f3n del Tratamiento<\/strong> haga clic <a href=\"https:\/\/intranet.laboralrgpd.com\/webApp\/clientes_derechos\/derechos-formulario.php?id_cliente=RnFrNjlsSTVRS1M0S21XZFQ1THpMdz09\" target=\"_blank\" rel=\"noopener\">aqu\u00ed<\/a><\/li>\n<li>Para ejercer su derecho de <strong>Oposici\u00f3n<\/strong> haga clic <a href=\"https:\/\/intranet.laboralrgpd.com\/webApp\/clientes_derechos\/derechos-formulario.php?id_cliente=RnFrNjlsSTVRS1M0S21XZFQ1THpMdz09\" target=\"_blank\" rel=\"noopener\">aqu\u00ed<\/a><\/li>\n<li>Para ejercer su derecho de <strong>Portabilidad<\/strong> haga clic <a href=\"https:\/\/intranet.laboralrgpd.com\/webApp\/clientes_derechos\/derechos-formulario.php?id_cliente=RnFrNjlsSTVRS1M0S21XZFQ1THpMdz09\" target=\"_blank\" rel=\"noopener\">aqu\u00ed<\/a><\/li>\n<\/ul>\n<\/li>\n<\/ol>\n<\/li>\n<\/ol>\n<p>Alternativamente, tambi\u00e9n puede dirigirse a nosotros mediante correo postal a la siguiente direcci\u00f3n: <strong>CTRA TORROELLA, 12 &#8211; (17133) SERRA DE DARO<\/strong> adjuntado una fotocopia del DNI, para la certeza de su identidad. Recuerde facilitar la mayor informaci\u00f3n posible sobre su solicitud: Nombre y apellidos, direcci\u00f3n de correo electr\u00f3nico que utiliza para la cuenta o portal objeto de tu solicitud.<\/p>\n<p>Por \u00faltimo, le informamos que puede dirigirse ante la Agencia Espa\u00f1ola de Protecci\u00f3n de Datos y dem\u00e1s organismos p\u00fablicos competentes para cualquier reclamaci\u00f3n derivada del tratamiento de tus datos personales.<\/p>\n<\/div>\n[\/mk_fancy_title][\/vc_column][\/vc_row]\n","protected":false},"excerpt":{"rendered":"<p>[mk_page_section bg_color=&#8221;#cccccc&#8221; sidebar=&#8221;sidebar-1&#8243;][vc_column][mk_padding_divider][mk_fancy_title tag_name=&#8221;h4&#8243; size=&#8221;25&#8243; font_family=&#8221;none&#8221;]Pol\u00edtica de Privacidad[\/mk_fancy_title][\/vc_column][\/mk_page_section][vc_row][vc_column][mk_padding_divider][mk_fancy_title font_family=&#8221;none&#8221;] Informacion sobre Protecci\u00f3n de Datos Datos relativos al Responsable Responsable Tratamiento &#8211; Entidad: FINESTRES EMPORDA SCCL &#8211; CIF de la entidad: F55182174 &#8211; Direccion de la entidad: CTRA TORROELLA, 12 &#8211; (17133) SERRA DE DARO &#8211; Email de la entidad: INFO@FINESTRESEMPORDA.CAT &#8211; Responsable del tratamiento : [&hellip;]<\/p>\n","protected":false},"author":8,"featured_media":0,"parent":0,"menu_order":12,"comment_status":"closed","ping_status":"closed","template":"","meta":{"_monsterinsights_skip_tracking":false,"_monsterinsights_sitenote_active":false,"_monsterinsights_sitenote_note":"","_monsterinsights_sitenote_category":0,"footnotes":""},"class_list":["post-17454","page","type-page","status-publish","hentry"],"aioseo_notices":[],"_links":{"self":[{"href":"https:\/\/finestresemporda.cat\/ca\/wp-json\/wp\/v2\/pages\/17454","targetHints":{"allow":["GET"]}}],"collection":[{"href":"https:\/\/finestresemporda.cat\/ca\/wp-json\/wp\/v2\/pages"}],"about":[{"href":"https:\/\/finestresemporda.cat\/ca\/wp-json\/wp\/v2\/types\/page"}],"author":[{"embeddable":true,"href":"https:\/\/finestresemporda.cat\/ca\/wp-json\/wp\/v2\/users\/8"}],"replies":[{"embeddable":true,"href":"https:\/\/finestresemporda.cat\/ca\/wp-json\/wp\/v2\/comments?post=17454"}],"version-history":[{"count":1,"href":"https:\/\/finestresemporda.cat\/ca\/wp-json\/wp\/v2\/pages\/17454\/revisions"}],"predecessor-version":[{"id":17816,"href":"https:\/\/finestresemporda.cat\/ca\/wp-json\/wp\/v2\/pages\/17454\/revisions\/17816"}],"wp:attachment":[{"href":"https:\/\/finestresemporda.cat\/ca\/wp-json\/wp\/v2\/media?parent=17454"}],"curies":[{"name":"wp","href":"https:\/\/api.w.org\/{rel}","templated":true}]}}